{"id":41,"date":"2020-12-02T09:19:58","date_gmt":"2020-12-02T09:19:58","guid":{"rendered":"https:\/\/globalcolors.vistaserver.net\/ro\/?page_id=41"},"modified":"2021-03-29T09:57:15","modified_gmt":"2021-03-29T06:57:15","slug":"sitemap","status":"publish","type":"page","link":"https:\/\/www.romcolor.ro\/ro\/sitemap\/","title":{"rendered":"Harta site-ului"},"content":{"rendered":"\t\t<div data-elementor-type=\"wp-page\" data-elementor-id=\"41\" class=\"elementor elementor-41\" data-elementor-post-type=\"page\">\n\t\t\t\t\t\t<section class=\"elementor-section elementor-top-section elementor-element elementor-element-fac429d underlines darklinks elementor-section-boxed elementor-section-height-default elementor-section-height-default\" data-id=\"fac429d\" data-element_type=\"section\" data-e-type=\"section\">\n\t\t\t\t\t\t<div class=\"elementor-container elementor-column-gap-default\">\n\t\t\t\t\t<div class=\"elementor-column elementor-col-100 elementor-top-column elementor-element elementor-element-0d6d382\" data-id=\"0d6d382\" data-element_type=\"column\" data-e-type=\"column\">\n\t\t\t<div class=\"elementor-widget-wrap elementor-element-populated\">\n\t\t\t\t\t\t<div class=\"elementor-element elementor-element-d9af156 elementor-widget elementor-widget-text-editor\" data-id=\"d9af156\" data-element_type=\"widget\" data-e-type=\"widget\" data-widget_type=\"text-editor.default\">\n\t\t\t\t<div class=\"elementor-widget-container\">\n\t\t\t\t\t\t\t\t\t<p><a href=\"\/ro\/\"><strong>Home<\/strong><\/a><\/p><p><a tabindex=\"0\" href=\"\/ro\/romcolor-2000\/\"><strong>COMPANIA<\/strong><\/a><\/p><p><a href=\"\/ro\/the-group\/\"><strong>GRUPUL<\/strong><\/a><\/p><p><a href=\"\/ro\/products\/\"><b>PRODUSELE<\/b><\/a><\/p><ul><li><a href=\"\/ro\/products\/color-masterbatches\/\">Masterbatch \u2013 Culori<\/a><\/li><li><a href=\"\/ro\/products\/white-masterbatches\/\">Masterbatch \u2013 Alb<\/a><\/li><li><a href=\"\/ro\/products\/black-masterbatches\/\">Masterbatch \u2013 Negru<\/a><\/li><li><a href=\"\/ro\/products\/uv-stabilizer-masterbatches\/\">Masterbatch \u2013 Stabilizatori UV<\/a><\/li><li><a href=\"\/ro\/products\/additive-masterbatches\/\">Masterbatch \u2013 Aditivi<\/a><\/li><li><a href=\"\/ro\/products\/filler-masterbatches\/\">Matserbatch \u2013 Filler<\/a><\/li><li><a href=\"\/ro\/products\/garden-furniture-compounds\/\">Compound pentru mobilier de gr\u0103din\u0103<\/a><\/li><li><a href=\"\/ro\/products\/masterbatches-for-pvc-cables\/\">Masterbatch pentru cabluri PVC<\/a><\/li><li><a href=\"\/ro\/products\/masterbatches-for-synthetic-fibers\/\">Masterbatch pentru fibre sintetice<\/a><\/li><li><a href=\"\/ro\/products\/tailor-made-multi-functional-masterbatches\/\">Masterbatch multifunc\u021bional personalizat<\/a><\/li><li><a href=\"\/ro\/products\/single_pigment-concentrates\/\">Masterbatch \u2013 Monomaster<\/a><\/li><li><a href=\"\/ro\/products\/pla-masterbatches\/\">Masterbatch pentru PLA<\/a><\/li><li><a href=\"\/ro\/products\/photooxo-degradable-masterbatches\/\">Masterbatch Foto-Oxo-Degradabile<\/a><\/li><li><a href=\"\/ro\/products\/biodegradablecompounds\/\">Coompund-uri Biodegradabile<\/a><\/li><\/ul><p><br \/><a href=\"\/ro\/technology\/\"><strong>TEHNOLOGIE<\/strong><\/a><\/p><p><a tabindex=\"0\" href=\"\/ro\/contact\/\"><strong>CONTACT<\/strong><\/a><\/p><p><small><strong><a href=\"\/ro\/privacy-policy\/\">Politica de confiden\u021bialitate<\/a><\/strong><\/small><\/p><p><small><strong><a href=\"https:\/\/www.romcolor.ro\/ro\/cookies-policy\/\">Politica de cookies<\/a><\/strong><\/small><\/p>\t\t\t\t\t\t\t\t<\/div>\n\t\t\t\t<\/div>\n\t\t\t\t\t<\/div>\n\t\t<\/div>\n\t\t\t\t\t<\/div>\n\t\t<\/section>\n\t\t\t\t<\/div>\n\t\t","protected":false},"excerpt":{"rendered":"<p>Home COMPANIA GRUPUL PRODUSELE Masterbatch \u2013 Culori Masterbatch \u2013 Alb Masterbatch \u2013 Negru Masterbatch \u2013 Stabilizatori UV Masterbatch \u2013 Aditivi Matserbatch \u2013 Filler Compound pentru mobilier de gr\u0103din\u0103 Masterbatch pentru cabluri PVC Masterbatch pentru fibre sintetice Masterbatch multifunc\u021bional personalizat Masterbatch \u2013 Monomaster Masterbatch pentru PLA Masterbatch Foto-Oxo-Degradabile Coompund-uri Biodegradabile TEHNOLOGIE CONTACT Politica de confiden\u021bialitate Politica [&hellip;]<\/p>\n","protected":false},"author":1,"featured_media":816,"parent":0,"menu_order":0,"comment_status":"closed","ping_status":"closed","template":"","meta":{"inline_featured_image":false,"footnotes":""},"class_list":["post-41","page","type-page","status-publish","has-post-thumbnail","hentry"],"yoast_head":"<!-- This site is optimized with the Yoast SEO plugin v26.5 - https:\/\/yoast.com\/wordpress\/plugins\/seo\/ -->\n<title>Harta site-ului - GLOBAL COLORS MASTERBATCHES - Servicii locale, Prezen\u021b\u0103 global\u0103<\/title>\n<meta name=\"description\" content=\"Harta site-ului paginilor. G\u0103si\u021bi rapid con\u021binutul care v\u0103 intereseaz\u0103 aici.\" \/>\n<meta name=\"robots\" content=\"index, follow, max-snippet:-1, max-image-preview:large, max-video-preview:-1\" \/>\n<link rel=\"canonical\" href=\"https:\/\/www.romcolor.ro\/ro\/sitemap\/\" \/>\n<meta property=\"og:locale\" content=\"ro_RO\" \/>\n<meta property=\"og:type\" content=\"article\" \/>\n<meta property=\"og:title\" content=\"Harta site-ului - GLOBAL COLORS MASTERBATCHES - Servicii locale, Prezen\u021b\u0103 global\u0103\" \/>\n<meta property=\"og:description\" content=\"Harta site-ului paginilor. G\u0103si\u021bi rapid con\u021binutul care v\u0103 intereseaz\u0103 aici.\" \/>\n<meta property=\"og:url\" content=\"https:\/\/www.romcolor.ro\/ro\/sitemap\/\" \/>\n<meta property=\"og:site_name\" content=\"GLOBAL COLORS MASTERBATCHES - Servicii locale, Prezen\u021b\u0103 global\u0103\" \/>\n<meta property=\"article:modified_time\" content=\"2021-03-29T06:57:15+00:00\" \/>\n<meta property=\"og:image\" content=\"https:\/\/www.romcolor.ro\/ro\/wp-content\/uploads\/2020\/12\/gc_headers_generic_05.jpg\" \/>\n\t<meta property=\"og:image:width\" content=\"1920\" \/>\n\t<meta property=\"og:image:height\" content=\"500\" \/>\n\t<meta property=\"og:image:type\" content=\"image\/jpeg\" \/>\n<meta name=\"twitter:card\" content=\"summary_large_image\" \/>\n<meta name=\"twitter:label1\" content=\"Timp estimat pentru citire\" \/>\n\t<meta name=\"twitter:data1\" content=\"1 minut\" \/>\n<script type=\"application\/ld+json\" class=\"yoast-schema-graph\">{\"@context\":\"https:\/\/schema.org\",\"@graph\":[{\"@type\":\"WebPage\",\"@id\":\"https:\/\/www.romcolor.ro\/ro\/sitemap\/\",\"url\":\"https:\/\/www.romcolor.ro\/ro\/sitemap\/\",\"name\":\"Harta site-ului - GLOBAL COLORS MASTERBATCHES - Servicii locale, Prezen\u021b\u0103 global\u0103\",\"isPartOf\":{\"@id\":\"https:\/\/www.romcolor.ro\/ro\/#website\"},\"primaryImageOfPage\":{\"@id\":\"https:\/\/www.romcolor.ro\/ro\/sitemap\/#primaryimage\"},\"image\":{\"@id\":\"https:\/\/www.romcolor.ro\/ro\/sitemap\/#primaryimage\"},\"thumbnailUrl\":\"https:\/\/www.romcolor.ro\/ro\/wp-content\/uploads\/2020\/12\/gc_headers_generic_05.jpg\",\"datePublished\":\"2020-12-02T09:19:58+00:00\",\"dateModified\":\"2021-03-29T06:57:15+00:00\",\"description\":\"Harta site-ului paginilor. G\u0103si\u021bi rapid con\u021binutul care v\u0103 intereseaz\u0103 aici.\",\"breadcrumb\":{\"@id\":\"https:\/\/www.romcolor.ro\/ro\/sitemap\/#breadcrumb\"},\"inLanguage\":\"ro-RO\",\"potentialAction\":[{\"@type\":\"ReadAction\",\"target\":[\"https:\/\/www.romcolor.ro\/ro\/sitemap\/\"]}]},{\"@type\":\"ImageObject\",\"inLanguage\":\"ro-RO\",\"@id\":\"https:\/\/www.romcolor.ro\/ro\/sitemap\/#primaryimage\",\"url\":\"https:\/\/www.romcolor.ro\/ro\/wp-content\/uploads\/2020\/12\/gc_headers_generic_05.jpg\",\"contentUrl\":\"https:\/\/www.romcolor.ro\/ro\/wp-content\/uploads\/2020\/12\/gc_headers_generic_05.jpg\",\"width\":1920,\"height\":500},{\"@type\":\"BreadcrumbList\",\"@id\":\"https:\/\/www.romcolor.ro\/ro\/sitemap\/#breadcrumb\",\"itemListElement\":[{\"@type\":\"ListItem\",\"position\":1,\"name\":\"Home\",\"item\":\"https:\/\/www.romcolor.ro\/ro\/\"},{\"@type\":\"ListItem\",\"position\":2,\"name\":\"Harta site-ului\"}]},{\"@type\":\"WebSite\",\"@id\":\"https:\/\/www.romcolor.ro\/ro\/#website\",\"url\":\"https:\/\/www.romcolor.ro\/ro\/\",\"name\":\"GLOBAL COLORS MASTERBATCHES - Servicii locale, Prezen\u021b\u0103 global\u0103\",\"description\":\"\",\"potentialAction\":[{\"@type\":\"SearchAction\",\"target\":{\"@type\":\"EntryPoint\",\"urlTemplate\":\"https:\/\/www.romcolor.ro\/ro\/?s={search_term_string}\"},\"query-input\":{\"@type\":\"PropertyValueSpecification\",\"valueRequired\":true,\"valueName\":\"search_term_string\"}}],\"inLanguage\":\"ro-RO\"}]}<\/script>\n<!-- \/ Yoast SEO plugin. -->","yoast_head_json":{"title":"Harta site-ului - GLOBAL COLORS MASTERBATCHES - Servicii locale, Prezen\u021b\u0103 global\u0103","description":"Harta site-ului paginilor. G\u0103si\u021bi rapid con\u021binutul care v\u0103 intereseaz\u0103 aici.","robots":{"index":"index","follow":"follow","max-snippet":"max-snippet:-1","max-image-preview":"max-image-preview:large","max-video-preview":"max-video-preview:-1"},"canonical":"https:\/\/www.romcolor.ro\/ro\/sitemap\/","og_locale":"ro_RO","og_type":"article","og_title":"Harta site-ului - GLOBAL COLORS MASTERBATCHES - Servicii locale, Prezen\u021b\u0103 global\u0103","og_description":"Harta site-ului paginilor. G\u0103si\u021bi rapid con\u021binutul care v\u0103 intereseaz\u0103 aici.","og_url":"https:\/\/www.romcolor.ro\/ro\/sitemap\/","og_site_name":"GLOBAL COLORS MASTERBATCHES - Servicii locale, Prezen\u021b\u0103 global\u0103","article_modified_time":"2021-03-29T06:57:15+00:00","og_image":[{"width":1920,"height":500,"url":"https:\/\/www.romcolor.ro\/ro\/wp-content\/uploads\/2020\/12\/gc_headers_generic_05.jpg","type":"image\/jpeg"}],"twitter_card":"summary_large_image","twitter_misc":{"Timp estimat pentru citire":"1 minut"},"schema":{"@context":"https:\/\/schema.org","@graph":[{"@type":"WebPage","@id":"https:\/\/www.romcolor.ro\/ro\/sitemap\/","url":"https:\/\/www.romcolor.ro\/ro\/sitemap\/","name":"Harta site-ului - GLOBAL COLORS MASTERBATCHES - Servicii locale, Prezen\u021b\u0103 global\u0103","isPartOf":{"@id":"https:\/\/www.romcolor.ro\/ro\/#website"},"primaryImageOfPage":{"@id":"https:\/\/www.romcolor.ro\/ro\/sitemap\/#primaryimage"},"image":{"@id":"https:\/\/www.romcolor.ro\/ro\/sitemap\/#primaryimage"},"thumbnailUrl":"https:\/\/www.romcolor.ro\/ro\/wp-content\/uploads\/2020\/12\/gc_headers_generic_05.jpg","datePublished":"2020-12-02T09:19:58+00:00","dateModified":"2021-03-29T06:57:15+00:00","description":"Harta site-ului paginilor. G\u0103si\u021bi rapid con\u021binutul care v\u0103 intereseaz\u0103 aici.","breadcrumb":{"@id":"https:\/\/www.romcolor.ro\/ro\/sitemap\/#breadcrumb"},"inLanguage":"ro-RO","potentialAction":[{"@type":"ReadAction","target":["https:\/\/www.romcolor.ro\/ro\/sitemap\/"]}]},{"@type":"ImageObject","inLanguage":"ro-RO","@id":"https:\/\/www.romcolor.ro\/ro\/sitemap\/#primaryimage","url":"https:\/\/www.romcolor.ro\/ro\/wp-content\/uploads\/2020\/12\/gc_headers_generic_05.jpg","contentUrl":"https:\/\/www.romcolor.ro\/ro\/wp-content\/uploads\/2020\/12\/gc_headers_generic_05.jpg","width":1920,"height":500},{"@type":"BreadcrumbList","@id":"https:\/\/www.romcolor.ro\/ro\/sitemap\/#breadcrumb","itemListElement":[{"@type":"ListItem","position":1,"name":"Home","item":"https:\/\/www.romcolor.ro\/ro\/"},{"@type":"ListItem","position":2,"name":"Harta site-ului"}]},{"@type":"WebSite","@id":"https:\/\/www.romcolor.ro\/ro\/#website","url":"https:\/\/www.romcolor.ro\/ro\/","name":"GLOBAL COLORS MASTERBATCHES - Servicii locale, Prezen\u021b\u0103 global\u0103","description":"","potentialAction":[{"@type":"SearchAction","target":{"@type":"EntryPoint","urlTemplate":"https:\/\/www.romcolor.ro\/ro\/?s={search_term_string}"},"query-input":{"@type":"PropertyValueSpecification","valueRequired":true,"valueName":"search_term_string"}}],"inLanguage":"ro-RO"}]}},"_links":{"self":[{"href":"https:\/\/www.romcolor.ro\/ro\/wp-json\/wp\/v2\/pages\/41","targetHints":{"allow":["GET"]}}],"collection":[{"href":"https:\/\/www.romcolor.ro\/ro\/wp-json\/wp\/v2\/pages"}],"about":[{"href":"https:\/\/www.romcolor.ro\/ro\/wp-json\/wp\/v2\/types\/page"}],"author":[{"embeddable":true,"href":"https:\/\/www.romcolor.ro\/ro\/wp-json\/wp\/v2\/users\/1"}],"replies":[{"embeddable":true,"href":"https:\/\/www.romcolor.ro\/ro\/wp-json\/wp\/v2\/comments?post=41"}],"version-history":[{"count":55,"href":"https:\/\/www.romcolor.ro\/ro\/wp-json\/wp\/v2\/pages\/41\/revisions"}],"predecessor-version":[{"id":2560,"href":"https:\/\/www.romcolor.ro\/ro\/wp-json\/wp\/v2\/pages\/41\/revisions\/2560"}],"wp:featuredmedia":[{"embeddable":true,"href":"https:\/\/www.romcolor.ro\/ro\/wp-json\/wp\/v2\/media\/816"}],"wp:attachment":[{"href":"https:\/\/www.romcolor.ro\/ro\/wp-json\/wp\/v2\/media?parent=41"}],"curies":[{"name":"wp","href":"https:\/\/api.w.org\/{rel}","templated":true}]}}